{"id":5707,"date":"2015-02-19T09:48:19","date_gmt":"2015-02-19T09:48:19","guid":{"rendered":"http:\/\/demo2.wpresidence.net\/?page_id=5707"},"modified":"2021-11-09T17:44:39","modified_gmt":"2021-11-09T17:44:39","slug":"contact-us-3","status":"publish","type":"page","link":"https:\/\/ksanet.es\/index.php\/contact-us-3\/","title":{"rendered":"Contacto"},"content":{"rendered":"<p>[vc_row][vc_column][vc_empty_space height=\u00bb30&#8243;][vc_column_text]Puedes contactar con nosotros a trav\u00e9s de correo electr\u00f3nico o por tel\u00e9fono. En caso de que seas un profesional, agradecer\u00edamos nos lo indicara para derivar su consulta al \u00e1rea correspondiente con agilidad.[\/vc_column_text][\/vc_column][\/vc_row]<\/p>\n","protected":false},"excerpt":{"rendered":"<p>[vc_row][vc_column][vc_empty_space height=\u00bb30&#8243;][vc_column_text]Puedes contactar con nosotros a trav\u00e9s de correo electr\u00f3nico o por tel\u00e9fono. En caso de que seas un profesional, agradecer\u00edamos nos lo indicara para derivar su consulta al \u00e1rea correspondiente con agilidad.[\/vc_column_text][\/vc_column][\/vc_row]<\/p>\n","protected":false},"author":1,"featured_media":0,"parent":0,"menu_order":0,"comment_status":"open","ping_status":"open","template":"contact_page.php","meta":{"inline_featured_image":false,"_monsterinsights_skip_tracking":false,"_monsterinsights_sitenote_active":false,"_monsterinsights_sitenote_note":"","_monsterinsights_sitenote_category":0,"footnotes":""},"class_list":["post-5707","page","type-page","status-publish","hentry"],"aioseo_notices":[],"_links":{"self":[{"href":"https:\/\/ksanet.es\/index.php\/wp-json\/wp\/v2\/pages\/5707","targetHints":{"allow":["GET"]}}],"collection":[{"href":"https:\/\/ksanet.es\/index.php\/wp-json\/wp\/v2\/pages"}],"about":[{"href":"https:\/\/ksanet.es\/index.php\/wp-json\/wp\/v2\/types\/page"}],"author":[{"embeddable":true,"href":"https:\/\/ksanet.es\/index.php\/wp-json\/wp\/v2\/users\/1"}],"replies":[{"embeddable":true,"href":"https:\/\/ksanet.es\/index.php\/wp-json\/wp\/v2\/comments?post=5707"}],"version-history":[{"count":2,"href":"https:\/\/ksanet.es\/index.php\/wp-json\/wp\/v2\/pages\/5707\/revisions"}],"predecessor-version":[{"id":18977,"href":"https:\/\/ksanet.es\/index.php\/wp-json\/wp\/v2\/pages\/5707\/revisions\/18977"}],"wp:attachment":[{"href":"https:\/\/ksanet.es\/index.php\/wp-json\/wp\/v2\/media?parent=5707"}],"curies":[{"name":"wp","href":"https:\/\/api.w.org\/{rel}","templated":true}]}}