{"id":5275,"date":"2014-05-24T13:51:08","date_gmt":"2014-05-24T13:51:08","guid":{"rendered":"http:\/\/wpresidence.net\/?page_id=9"},"modified":"2024-02-26T11:50:01","modified_gmt":"2024-02-26T10:50:01","slug":"terms-of-user","status":"publish","type":"page","link":"https:\/\/ksanet.es\/index.php\/terms-of-user\/","title":{"rendered":"T\u00e9rminos de uso"},"content":{"rendered":"<h1>AVISO LEGAL<\/h1>\n<p>El dominio de internet <a href=\"http:\/\/www.ksanet.es\">www.ksanet.es<\/a>\u00a0\u00a0 es propiedad de GESTI\u00d3N VIRTUAL KSASNET, S.L. En cumplimiento del art\u00edculo 10 de la Ley 34\/2002, de 11 de junio, de Servicios de la Sociedad de la Informaci\u00f3n y Comercio Electr\u00f3nico, a continuaci\u00f3n se exponen los datos identificativos de la sociedad.<\/p>\n<p>Denominaci\u00f3n social: GESTI\u00d3N VIRTUAL KSASNET, SOCIEDAD LIMITADA, inscrita en el Registro Mercantil de Madrid (en adelante, \u201cKSANET\u201d)<\/p>\n<p>NIF: B-86384120<\/p>\n<p>Domicilio social: Calle Marie Curie 7, edificio beta, oficina 3.3, 28521, Rivas-Vaciamadrid, Madrid<\/p>\n<p>Tel\u00e9fono: +34 916 666 608<\/p>\n<p>Email: <a href=\"mailto:hola@ksanet.es\">hola@ksanet.es<\/a><\/p>\n<h1>T\u00c9RMINOS Y CONDICIONES GENERALES<\/h1>\n<p><strong>OBJETO<\/strong><\/p>\n<p>Los presentes t\u00e9rminos y condiciones generales (en adelante, los \u201cT\u00e9rminos y Condiciones Generales\u201d rigen el acceso y uso de la p\u00e1gina web propiedad de KSANET (en adelante, la \u201cWeb\u201d), incluidos los productos, servicios y\/o contenidos que se ofrecen o se puedan ofrecer en ella. Por el simple acceso y\/o navegaci\u00f3n, se entienden le\u00eddos, comprendidos y aceptados los T\u00e9rminos y Condiciones Generales, lo que equivale a un documento firmado por escrito y vinculante entre las partes, de tal forma que toda persona que accede a la Web (en adelante, el\/los \u201cUsuario\/s\u201d) se somete a los T\u00e9rminos y Condiciones Generales que se encuentren vigentes y aplicables en el momento del acceso, sin reserva alguna, as\u00ed como, del mismo modo, se compromete a cumplir todas las leyes y normativa vigente aplicable. Si no se desea someter a los mismos, deber\u00e1 abandonar de inmediato la Web. Del mismo modo, se entiende anulado y carente de vigencia cualquier otro contrato, acuerdo y\/o convenio vigente entre KSANET y el Usuario, que sea de aplicaci\u00f3n al acceso, uso y\/o navegaci\u00f3n de la presente Web, cualquiera que sea su forma, quedando sustituido por los T\u00e9rminos y Condiciones Generales.<\/p>\n<p>En el supuesto de que, por los contenidos o servicios puestos a disposici\u00f3n de los Usuarios por KSANET, o por cualquier otra circunstancia, existan condiciones particulares que sean de aplicaci\u00f3n, sustituyan, completen o modifiquen los presentes T\u00e9rminos y Condiciones Generales, el Usuario se somete, del mismo modo a aquellas, sin reserva alguna, las cuales ser\u00e1n de aplicaci\u00f3n preferente en caso de conflicto.<\/p>\n<p>Por su parte, KSANET se reserva el derecho de revisar y\/o modificar, en cualquier momento y sin necesidad de previo aviso, tanto los T\u00e9rminos y Condiciones Generales, as\u00ed como las condiciones particulares, si las hubiera. Por lo tanto, es responsabilidad exclusiva del Usuario revisarlos peri\u00f3dicamente o cada vez que se realice un acceso y\/o uso de la Web, entendi\u00e9ndose aceptadas estas nuevas de forma id\u00e9ntica a la expuesta.<\/p>\n<p>En este sentido, KSANET se reserva el derecho de actualizar, modificar o eliminar informaci\u00f3n contenida en la Web, as\u00ed como su configuraci\u00f3n o presentaci\u00f3n, sin que derive responsabilidad alguna para KSANET por ello.<\/p>\n<p><strong>PROPIEDAD INTELECTUAL E INDUSTRIAL<\/strong><\/p>\n<p>La utilizaci\u00f3n de la Web o de los contenidos que ella se alojan, atribuye la condici\u00f3n de Usuario. Los derechos sobre los contenidos y materiales incluidos en la Web, as\u00ed como su dise\u00f1o gr\u00e1fico y sus c\u00f3digos fuente, pertenecen a KSANET. Igualmente, todos los nombres comerciales, marcas o signos distintivos.<\/p>\n<p>El Usuario tiene acceso y podr\u00e1 descargarse en la Web, el material contenido en ella, siempre y cuando est\u00e9 destinado a fines personales, quedando prohibido cualquier uso con fines comerciales o cualquier otro relacionado, respetando en todo momento el copyright, as\u00ed como el resto de derechos relativos a la Propiedad Industrial y\/o Intelectual de los materiales a los que venimos haciendo alusi\u00f3n. Por ello, queda prohibida su explotaci\u00f3n, reproducci\u00f3n, distribuci\u00f3n, comunicaci\u00f3n p\u00fablica, transformaci\u00f3n o cualquier otro uso que se pueda realizar en relaci\u00f3n con los contenidos ubicados en la Web para cualquier fin con \u00e1nimos de lucro o que reporte beneficio, directo o indirecto, al Usuario o terceros, o cualquier otro que no sea personal, incluyendo tal prohibici\u00f3n cualquier acci\u00f3n que implique el uso del texto, im\u00e1genes, audio y v\u00eddeos, sin previo permiso o autorizaci\u00f3n expresa y escrita por KSANET a tal efecto.<\/p>\n<p>Los Usuarios aceptan que cualquier contenido al que tengan acceso gracias a la Web, se encuentra protegido mediante copyright, y no deber\u00e1n hacer uso de ellos, si no es del modo indicado en los presentes T\u00e9rminos y Condiciones Generales, as\u00ed como en la normativa vigente sobre Propiedad Intelectual y\/o Industrial, siempre con el previo consentimiento escrito y expreso de KSANET para tal fin. KSANET tampoco garantiza ni se hace responsable de que el uso que el Usuario pueda hacer de los materiales expuestos en la Web no infringe los derechos de cualquier tercero no dependiente o no asociado con KSANET, de lo cual ser\u00e1 responsable el propio Usuario exclusivamente.<\/p>\n<p>En caso de que el usuario pudiera aportar cualquier contenido a la Web, deber\u00e1 respetar la legislaci\u00f3n aplicable vigente y, en concreto, la normativa vigente sobre Propiedad Intelectual y\/o Industrial, siendo \u00e9ste el \u00fanico responsable frente a reclamaciones de terceros y\/o de KSANET.<\/p>\n<p><strong>RESPONSABILIDAD DE LOS USUARIOS POR USO DE LA WEB Y DE LOS CONTENIDOS<\/strong><\/p>\n<p>El Usuario es consciente y acepta voluntaria y expresamente que el uso y navegaci\u00f3n de la Web se realiza bajo su cuenta y riesgo exclusivamente y en todo momento. Ni KSANET, ni cualquier otro tercero relacionado con la creaci\u00f3n, dise\u00f1o o puesta a disposici\u00f3n de la p\u00e1gina Web o de cualquier otro contenido incluso en ella, se hacen responsables de cualquier da\u00f1o, directo o indirecto, especial o derivado, que pueda surgir como consecuencia del acceso, o derivado del uso de la Web.<\/p>\n<p>Al acceder, hacer uso o descargarse los contenidos que se facilitan en la Web, los Usuarios aceptan que KSANET no es responsable frente a los Usuarios o frente a cualquier tercero, por ninguna dificultad o imposibilidad de acceso a la Web y\/o contenidos, as\u00ed como comunicaci\u00f3n de estos. Del mismo modo, KSANET no responder\u00e1 por ning\u00fan da\u00f1o, virus que pueda infectar su ordenador o dispositivo desde el cual el Usuario accede, como consecuencia del acceso, uso o navegaci\u00f3n o por cualquier descarga de los contenidos, materiales, v\u00eddeos, audios, im\u00e1genes o cualquier otro elemento contenido en la Web.<\/p>\n<p>En ning\u00fan caso, el uso de la Web y\/o de los contenidos realizado por el Usuario podr\u00e1 atentar contra la legislaci\u00f3n vigente, los derechos de terceros, la moral, las buenas costumbres y el orden p\u00fablico. Del mismo modo, todo uso que haga de los servicios, informaci\u00f3n y materiales de la Web y de los contenidos debe ser l\u00edcito y correcto. Queda expresamente prohibido el uso de la Web con fines lesivos de bienes o intereses de KSANET o de terceros o que de cualquier otra forma sobrecarguen, da\u00f1en o inutilicen redes, servidores y dem\u00e1s equipos inform\u00e1ticos (hardware) o productos y aplicaciones inform\u00e1ticos (software) de KSANET o de terceros.<\/p>\n<p><strong>LIMITACI\u00d3N DE RESPONSABILIDAD<\/strong><\/p>\n<p>KSANET no se hacer responsable de cualquier da\u00f1o, ya sea directo, indirecto, especial o derivado, en relaci\u00f3n con el sitio Web o contenido que se encuentre enlazado con \u00e9l, como consecuencia de cualquier acceso, uso, descarga, etc. y cualquiera que sea de donde provengan tales da\u00f1os: garant\u00eda, responsabilidad contractual o extracontractual\u2026 Esta cl\u00e1usula regir\u00e1 incluso si se ha informado previamente a KSANET de la existencia de posibles da\u00f1os.<\/p>\n<p>KSANET no asume responsabilidad alguna derivada de problemas t\u00e9cnicos o fallos en los equipos inform\u00e1ticos que se produzcan durante la conexi\u00f3n a la red de Internet, as\u00ed como de da\u00f1os que pudieran ser causados por terceras personas mediante intromisiones ileg\u00edtimas fuera del control de KSANET. Tambi\u00e9n se exonera de toda responsabilidad ante posibles da\u00f1os o perjuicios que pueda sufrir cualquier Usuario a consecuencia de errores, defectos u omisiones en la informaci\u00f3n que facilitamos cuando proceda de fuentes ajenas.<\/p>\n<p><strong>CONTENIDOS Y\/O ENLACES DE OTROS SITIOS WEB<\/strong><\/p>\n<p>La p\u00e1gina Web de KSANET puede contener enlaces, contenidos o referencias a p\u00e1ginas web propiedad de terceros. Estas p\u00e1ginas webs propiedad de terceros quedan fuera de nuestro dominio y control, en todo caso, y se someten a t\u00e9rminos y condiciones de uso propios, diferentes de los que rigen la presente Web, por lo que KSANET no se hace responsable de la actividad y funcionamiento de ellos. Del mismo modo, no asumimos la responsabilidad derivada de la disponibilidad, precisi\u00f3n, relevancia, legalidad o adecuaci\u00f3n del material contenido en esos sitios webs, as\u00ed como de los da\u00f1os y perjuicios derivados de su uso.<\/p>\n<p><strong>COOKIES<\/strong><\/p>\n<p>KSANET informa a los Usuarios de que puede utilizar Cookies, tanto propias como de terceros, para ofrecerle un mejor servicios y de mayor calidad. Para obtener m\u00e1s informaci\u00f3n acerca de la Pol\u00edtica de Cookies, haga click <strong><u>aqu\u00ed<\/u><\/strong>.<\/p>\n<p><strong>POL\u00cdTICA DE PRIVACIDAD DE LA P\u00c1GINA WEB<\/strong><\/p>\n<p>Al visitar nuestra p\u00e1gina Web, nuestros servidores recopilan autom\u00e1ticamente una serie de informaci\u00f3n necesaria para el funcionamiento y seguridad de la misma. Esta informaci\u00f3n no permite la identificaci\u00f3n del Usuario, mientras que otro tipo de informaci\u00f3n, como puede ser el nombre de dominio o la direcci\u00f3n IP, s\u00ed pueden facilitar tal identificaci\u00f3n. Del mismo modo, para acceder a determinadas prestaciones que ofrecemos, as\u00ed como para ponerse en contacto con nosotros, es necesario facilitar determinados datos, los cuales tienen car\u00e1cter personal. Se recomienda a los Usuarios que vayan a facilitar tales daros que revisen nuestra Pol\u00edtica de Privacidad relacionada con el uso que hacemos de los datos de car\u00e1cter personal con el fin de que conozcan el uso y\/o tratamiento que se har\u00e1 de ellos.<\/p>\n<p>KSANET realizar\u00e1 el acceso, tratamiento y cesi\u00f3n de los datos de car\u00e1cter personal de acuerdo con la Ley 15\/1999, de 13 de diciembre, de Protecci\u00f3n de Datos de Car\u00e1cter Personal (en adelante, \u201cLOPD\u201d), as\u00ed como de su normativa de desarrollo y, en concreto, el <a class=\"addon-citation addon-tooltip\" href=\"https:\/\/go.vlex.com\/vid\/51764834?fbt=webapp_preview\" target=\"_blank\" rel=\"noopener\" data-vids=\"51764834\">Real Decreto 1720\/2007, de 21 de diciembre<\/a><\/p>\n<div class=\"preview-content\"><span class=\"addon-label on_force\">\u00a0vigente<\/span>Reglamento de la Ley Org\u00e1nica de Protecci\u00f3n de Datos de car\u00e1cter personal (Real Decreto 1720\/2007, de 21 de diciembre)<\/div>\n<p><span id=\"addon-section\"><a class=\"addon-citation addon-tooltip\" href=\"https:\/\/go.vlex.com\/vid\/51764834?fbt=webapp_preview\" target=\"_blank\" rel=\"noopener\" data-vids=\"51764834\"><span class=\"tooltiptext node-preview no-print\" style=\"left: 0px; margin-left: 0px; display: none;\"><small><img decoding=\"async\" src=\"https:\/\/vlex.com\/img-wide\/vlex-logo_reload.png\" \/>Enlace a\u00f1adido por la extensi\u00f3n vLex<\/small><\/span><\/a>, por el que se aprueba el Reglamento de desarrollo de la <a class=\"addon-citation addon-tooltip addon-preview-pending\" href=\"https:\/\/go.vlex.com\/search\/jurisdiction:ES+vid:829846989%2520OR%2520127398\/*?fbt=webapp_preview\" target=\"_blank\" rel=\"noopener\" data-new-href=\"\/search\/jurisdiction:ES+vid:829846989%20OR%20127398\/*\" data-vids=\"829846989 127398\">LOPD<span class=\"tooltiptext\"><small>Enlace a\u00f1adido por la extensi\u00f3n vLex<\/small><\/span><\/a> (en adelante, \u201cRLOPD\u201d). <\/span><\/p>\n<p>Al facilitarnos datos de car\u00e1cter personal voluntariamente, ya sea mediante el env\u00edo de un email, o cumplimentando cualquiera de los cuestionario que se facilitan en nuestra Web, usted estar\u00e1 registrando dicha informaci\u00f3n, la cual ser\u00e1 incluida en un fichero propiedad de KSANET, debidamente inscrito ante la Agencia Espa\u00f1ola de Protecci\u00f3n de Datos. Para lo cual, el Usuario estar\u00e1 prestando su expreso consentimiento al remitir tal informaci\u00f3n.<\/p>\n<p><span id=\"addon-section\"> Los datos de car\u00e1cter personal a los que tengamos acceso como consecuencia de cualquier uso de la Web, \u00fanicamente ser\u00e1n tratados por el personal autorizado para cumplir con la finalidad para la cual fueron recogidos o con cualquier finalidad relacionada con tal uso. No revelaremos ni cederemos tales datos de car\u00e1cter personal excepto en lo previsto en la normativa aplicable, as\u00ed como para la correcta prestaci\u00f3n de los servicios ofertados. Tales datos de car\u00e1cter personal se conservar\u00e1n, \u00fanicamente, por el periodo de tiempo necesario para la finalidad para la que se recogen o, en su caso, por el tiempo previsto en la <a class=\"addon-citation addon-tooltip addon-preview-pending\" href=\"https:\/\/go.vlex.com\/search\/jurisdiction:ES+vid:829846989%2520OR%2520127398\/*?fbt=webapp_preview\" target=\"_blank\" rel=\"noopener\" data-new-href=\"\/search\/jurisdiction:ES+vid:829846989%20OR%20127398\/*\" data-vids=\"829846989 127398\">LOPD<span class=\"tooltiptext\"><small>Enlace a\u00f1adido por la extensi\u00f3n vLex<\/small><\/span><\/a> y RLOPD.<\/span><\/p>\n<p>En ocasiones, hacemos uso y\/o colaboramos con otras compa\u00f1\u00edas para prestar parte de nuestros servicios, como pueden ser organismos p\u00fablicos, as\u00ed como entidades privadas. Para ello, precisan de acceso a datos de car\u00e1cter personal de nuestros clientes y\/o Usuarios. KSANET podr\u00e1 proporcionar la informaci\u00f3n facilitada por medio de la Web, a terceras partes relacionadas o dependientes de \u00e9l o a proveedores de servicios, para la consecuci\u00f3n de tales servicios, para las finalidades y con aplicaci\u00f3n de las medidas de seguridad previstas en el RLOPD.<\/p>\n<p>Los Usuarios pueden ejercer los derechos que la legislaci\u00f3n en materia de Protecci\u00f3n de Datos de Car\u00e1cter Personal les atribuye y, en concreto, los derechos ARCO (acceso, rectificaci\u00f3n, cancelaci\u00f3n y oposici\u00f3n), dirigi\u00e9ndose a la direcci\u00f3n que se facilita a continuaci\u00f3n: Calle mariano Barbacid 5, planta 2, oficina 6, 28521, Rivas-Vaciamadrid, Madrid o <a href=\"mailto:hola@ksanet.es\">hola@ksanet.es<\/a>.<\/p>\n<p><strong>POL\u00cdTICA DE SEGURIDAD<\/strong><\/p>\n<p>Esta Web tiene instaladas las medidas de seguridad necesarias destinadas a prevenir la p\u00e9rdida, tratamiento, alteraci\u00f3n y uso no autorizado de la informaci\u00f3n que se encuentra bajo nuestro control. Cualquier intento no autorizado para eludir tales medidas ser\u00e1 considerado como un acto criminal y ser\u00e1 puesto en conocimiento de las autoridades competentes. Tambi\u00e9n nos reservamos el derecho de perseguir tales incumplimientos o atentados frente a los juzgados y tribunales civiles para recibir la indemnizaci\u00f3n por los da\u00f1os y perjuicios que pudieran haber causado.<\/p>\n<p><strong>LEY APLICABLE Y JURISDICCI\u00d3N<\/strong><\/p>\n<p>Lo dispuesto en esta p\u00e1gina Web se regir\u00e1 por la Ley espa\u00f1ola. En caso de que los Juzgados y Tribunales, o cualquier autoridad competente, determinen la inaplicabilidad de alguna de las Condiciones Generales, cualquiera que sea la raz\u00f3n, subsistir\u00e1 la aplicaci\u00f3n y validez del resto de ellas.<\/p>\n<p><strong>M\u00c1S INFORMACI\u00d3N<\/strong><\/p>\n<p>Esperamos que le hayamos clarificado cualquier duda con la informaci\u00f3n anteriormente expuesta. Sin embargo, si esto no fuera as\u00ed o precisa de m\u00e1s informaci\u00f3n en relaci\u00f3n con los T\u00e9rminos y Condiciones Generales, puede ponerse en contacto con nosotros por cualquiera de las v\u00edas que a continuaci\u00f3n se indican:<\/p>\n<p>Tel\u00e9fono: +34 916 666 608<\/p>\n<p>Email: <a href=\"mailto:hola@ksanet.es\">hola@ksanet.es<\/a><\/p>\n","protected":false},"excerpt":{"rendered":"<p>AVISO LEGAL El dominio de internet www.ksanet.es\u00a0\u00a0 es propiedad de GESTI\u00d3N VIRTUAL KSASNET, S.L. En cumplimiento del art\u00edculo 10 de la Ley 34\/2002, de 11 de junio, de Servicios de la Sociedad de la Informaci\u00f3n y Comercio Electr\u00f3nico, a continuaci\u00f3n se exponen los datos identificativos de la sociedad. Denominaci\u00f3n social: GESTI\u00d3N VIRTUAL KSASNET, SOCIEDAD LIMITADA, inscrita en el Registro Mercantil de Madrid (en adelante, &#8230;<\/p>\n","protected":false},"author":1,"featured_media":0,"parent":0,"menu_order":0,"comment_status":"closed","ping_status":"closed","template":"terms_conditions.php","meta":{"inline_featured_image":false,"_monsterinsights_skip_tracking":false,"_monsterinsights_sitenote_active":false,"_monsterinsights_sitenote_note":"","_monsterinsights_sitenote_category":0,"footnotes":""},"class_list":["post-5275","page","type-page","status-publish","hentry"],"aioseo_notices":[],"_links":{"self":[{"href":"https:\/\/ksanet.es\/index.php\/wp-json\/wp\/v2\/pages\/5275","targetHints":{"allow":["GET"]}}],"collection":[{"href":"https:\/\/ksanet.es\/index.php\/wp-json\/wp\/v2\/pages"}],"about":[{"href":"https:\/\/ksanet.es\/index.php\/wp-json\/wp\/v2\/types\/page"}],"author":[{"embeddable":true,"href":"https:\/\/ksanet.es\/index.php\/wp-json\/wp\/v2\/users\/1"}],"replies":[{"embeddable":true,"href":"https:\/\/ksanet.es\/index.php\/wp-json\/wp\/v2\/comments?post=5275"}],"version-history":[{"count":2,"href":"https:\/\/ksanet.es\/index.php\/wp-json\/wp\/v2\/pages\/5275\/revisions"}],"predecessor-version":[{"id":19510,"href":"https:\/\/ksanet.es\/index.php\/wp-json\/wp\/v2\/pages\/5275\/revisions\/19510"}],"wp:attachment":[{"href":"https:\/\/ksanet.es\/index.php\/wp-json\/wp\/v2\/media?parent=5275"}],"curies":[{"name":"wp","href":"https:\/\/api.w.org\/{rel}","templated":true}]}}